{"id":2,"date":"2018-08-13T15:03:32","date_gmt":"2018-08-13T13:03:32","guid":{"rendered":"http:\/\/qobra.fr\/blog\/?page_id=2"},"modified":"2020-04-13T17:43:36","modified_gmt":"2020-04-13T15:43:36","slug":"a-propos","status":"publish","type":"page","link":"https:\/\/qobra.fr\/blog\/a-propos\/","title":{"rendered":"A propos"},"content":{"rendered":"<p>Je collectionne des appareils photos anciens depuis plusieurs ann\u00e9es. Les raisons sont changeantes, parfois \u00e9tranges. Elles ont servi de bases pour \u00e9tablir les cat\u00e9gories pr\u00e9sent\u00e9es ici.<\/p>\n<p>Ce n&rsquo;est jamais pour les performances techniques de l&rsquo;appareil, mais bien plut\u00f4t pour sa forme, ses m\u00e9canismes, parfois m\u00eame le son de son d\u00e9clic que le go\u00fbt d&rsquo;un appareil donn\u00e9 me saisit.<\/p>\n<p>Certaines cat\u00e9gories m\u00e9ritent quelques explications :<\/p>\n<ul>\n<li>architecture regroupe tout ce qui peut faire penser \u00e0 des b\u00e2timents ou des ouvrages de g\u00e9nie civil<\/li>\n<li>engrenages d\u00e9crit ce qui a trait \u00e0 la m\u00e9canique<\/li>\n<li>convergences contient les appareils ayant des points communs ou oppos\u00e9s<\/li>\n<li>nature pr\u00e9sente les \u00eatres vivants<\/li>\n<li>volumes est tr\u00e8s flou : des appareils o\u00f9 le volume (en fait la forme en relief) attire l&rsquo;oeil.<\/li>\n<\/ul>\n<p>Vous trouverez ici le pourquoi de certains de ces appareils. L&rsquo;id\u00e9al serait que vous ayez l&rsquo;appareil en main pour en ressentir vous-m\u00eames les effets.<\/p>\n<p>Je participe au site <a href=\"http:\/\/www.collection-appareils.fr\/\">collection-appareils.fr<\/a> ainsi qu&rsquo;\u00e0 son <a href=\"http:\/\/www.collection-appareils.fr\/phpBB3\/index.php\">forum<\/a>. Ce site est unique au monde, il pr\u00e9sente plus de 13.000 appareils, des milliers d&rsquo;accessoires photographiques. C&rsquo;est la r\u00e9f\u00e9rence pour les collectionneurs d&rsquo;appareils photos (plus de 700.000 visiteurs uniques et 3,5 millions de pages vues en 2019). Le forum avec ses 3.000 membres permet d&rsquo;avoir la r\u00e9ponse \u00e0 (presque) toutes les questions et notamment en mati\u00e8re d&rsquo;identification d&rsquo;appareils.<\/p>\n<p>Sur de nombreux articles de mon site, vous trouverez le logo ci-apr\u00e8s qui vous permet d&rsquo;aller directement sur la page correspondante de l&rsquo;appareil d\u00e9crit.<\/p>\n<p><img loading=\"lazy\" decoding=\"async\" class=\"alignnone wp-image-214\" src=\"https:\/\/qobra.fr\/blog\/wp-content\/uploads\/2018\/08\/logoamissite.png\" alt=\"\" width=\"50\" height=\"49\" \/><\/p>\n<p>Vous pouvez \u00e9galement <strong>vous abonner aux flux rss de mise \u00e0 jour<\/strong> en cliquant sur le lien ci-dessous. Ceci vous permet de recevoir une information lorsqu&rsquo;un nouvel article para\u00eet.\u00a0A noter que beaucoup de journaux, media, &#8230; utilisent ce syst\u00e8me de diffusion (france info, &#8230;)<a href=\"https:\/\/qobra.fr\/blog\/index.php\/feed\/\"><img loading=\"lazy\" decoding=\"async\" class=\"alignnone wp-image-224\" src=\"https:\/\/qobra.fr\/blog\/wp-content\/uploads\/2018\/08\/rss.jpeg\" alt=\"\" width=\"47\" height=\"47\" srcset=\"https:\/\/qobra.fr\/blog\/wp-content\/uploads\/2018\/08\/rss.jpeg 474w, https:\/\/qobra.fr\/blog\/wp-content\/uploads\/2018\/08\/rss-150x150.jpeg 150w, https:\/\/qobra.fr\/blog\/wp-content\/uploads\/2018\/08\/rss-300x300.jpeg 300w\" sizes=\"auto, (max-width: 47px) 100vw, 47px\" \/><\/a><!--more--><\/p>\n<p>Comme aggr\u00e9gateurs de flux RSS, on trouve par exemple\u00a0 :<\/p>\n<ul>\n<li><strong>pour Chrome<\/strong>\u00a0 l&rsquo; extension\u00a0\u00a0<a class=\"postlink\" href=\"https:\/\/chrome.google.com\/webstore\/detail\/rss-feed-reader\/pnjaodmkngahhkoihejjehlcdlnohgmp\">https:\/\/chrome.google.com\/webstore\/deta &#8230; lcdlnohgmp<\/a>\u00a0(en anglais, gratuit), elle ajoute une ic\u00f4ne avec 3 quart de cercle oranges dans la barre de haut de fen\u00eatre chrome. En cliquant dessus, il est propos\u00e9 de cr\u00e9er un compte (on n&rsquo;est pas oblig\u00e9), ensuite on ajoute un flux (Add) avec l&rsquo;adresse (Url) du flux, pour moi\u00a0<a class=\"postlink\" href=\"https:\/\/qobra.fr\/blog\/index.php\/feed\/\">https:\/\/<span class=\"posthilit\">qobra<\/span>.fr\/blog\/index.php\/feed\/<\/a>\u00a0(obtenu en copiant le lien d&rsquo;abonnement) , on r\u00e8gle si on veut l&rsquo;intervalle de relev\u00e9 du flux et c&rsquo;est tout.A partir de l\u00e0 quand on clique sur l&rsquo;ic\u00f4ne orange\u00a0 dans la barre en haut de chrome et on a la liste des flux auxquels on est abonn\u00e9, en cliquant sur un flux on a les derniers articles.<\/li>\n<li><strong>pour les autres navigateurs\u00a0<\/strong>il existe des extensions simples g\u00e9rant les flux RSS (Firefox, Vivaldi, Opera)<\/li>\n<li><strong>pour Android<\/strong> par exemple\u00a0READ Simple RSS reader\u00a0de Matan Mashraki sur google store<\/li>\n<li><strong>pour Windows<\/strong> (hors navigateur)\u00a0Greatnews\u00a0: parle fran\u00e7ais, r\u00e9cup\u00e8re directement les informations du lien, dispose d&rsquo;un navigateur inclus ou permet d&rsquo;appeler un autre navigateur.\u00a0<a class=\"postlink\" href=\"http:\/\/www.curiostudio.com\/\">http:\/\/www.curiostudio.com\/<\/a><\/li>\n<\/ul>\n","protected":false},"excerpt":{"rendered":"<p>Je collectionne des appareils photos anciens depuis plusieurs ann\u00e9es. Les raisons sont changeantes, parfois \u00e9tranges. Elles ont servi de bases pour \u00e9tablir les cat\u00e9gories pr\u00e9sent\u00e9es ici. Ce n&rsquo;est jamais pour les performances techniques de l&rsquo;appareil, mais bien plut\u00f4t pour sa &hellip; <a href=\"https:\/\/qobra.fr\/blog\/a-propos\/\">Continuer la lecture <span class=\"meta-nav\">&rarr;<\/span><\/a><\/p>\n","protected":false},"author":1,"featured_media":0,"parent":0,"menu_order":0,"comment_status":"closed","ping_status":"open","template":"","meta":{"footnotes":""},"class_list":["post-2","page","type-page","status-publish","hentry"],"yoast_head":"<!-- This site is optimized with the Yoast SEO plugin v26.4 - https:\/\/yoast.com\/wordpress\/plugins\/seo\/ -->\n<title>A propos - Qobra, appareils photos anciens<\/title>\n<meta name=\"robots\" content=\"index, follow, max-snippet:-1, max-image-preview:large, max-video-preview:-1\" \/>\n<link rel=\"canonical\" href=\"https:\/\/qobra.fr\/blog\/a-propos\/\" \/>\n<meta property=\"og:locale\" content=\"fr_FR\" \/>\n<meta property=\"og:type\" content=\"article\" \/>\n<meta property=\"og:title\" content=\"A propos - Qobra, appareils photos anciens\" \/>\n<meta property=\"og:description\" content=\"Je collectionne des appareils photos anciens depuis plusieurs ann\u00e9es. Les raisons sont changeantes, parfois \u00e9tranges. Elles ont servi de bases pour \u00e9tablir les cat\u00e9gories pr\u00e9sent\u00e9es ici. Ce n&rsquo;est jamais pour les performances techniques de l&rsquo;appareil, mais bien plut\u00f4t pour sa &hellip; Continuer la lecture &rarr;\" \/>\n<meta property=\"og:url\" content=\"https:\/\/qobra.fr\/blog\/a-propos\/\" \/>\n<meta property=\"og:site_name\" content=\"Qobra, appareils photos anciens\" \/>\n<meta property=\"article:modified_time\" content=\"2020-04-13T15:43:36+00:00\" \/>\n<meta property=\"og:image\" content=\"https:\/\/qobra.fr\/blog\/wp-content\/uploads\/2018\/08\/logoamissite.png\" \/>\n<meta name=\"twitter:card\" content=\"summary_large_image\" \/>\n<meta name=\"twitter:label1\" content=\"Dur\u00e9e de lecture estim\u00e9e\" \/>\n\t<meta name=\"twitter:data1\" content=\"2 minutes\" \/>\n<script type=\"application\/ld+json\" class=\"yoast-schema-graph\">{\"@context\":\"https:\/\/schema.org\",\"@graph\":[{\"@type\":\"WebPage\",\"@id\":\"https:\/\/qobra.fr\/blog\/a-propos\/\",\"url\":\"https:\/\/qobra.fr\/blog\/a-propos\/\",\"name\":\"A propos - Qobra, appareils photos anciens\",\"isPartOf\":{\"@id\":\"https:\/\/qobra.fr\/blog\/#website\"},\"primaryImageOfPage\":{\"@id\":\"https:\/\/qobra.fr\/blog\/a-propos\/#primaryimage\"},\"image\":{\"@id\":\"https:\/\/qobra.fr\/blog\/a-propos\/#primaryimage\"},\"thumbnailUrl\":\"https:\/\/qobra.fr\/blog\/wp-content\/uploads\/2018\/08\/logoamissite.png\",\"datePublished\":\"2018-08-13T13:03:32+00:00\",\"dateModified\":\"2020-04-13T15:43:36+00:00\",\"breadcrumb\":{\"@id\":\"https:\/\/qobra.fr\/blog\/a-propos\/#breadcrumb\"},\"inLanguage\":\"fr-FR\",\"potentialAction\":[{\"@type\":\"ReadAction\",\"target\":[\"https:\/\/qobra.fr\/blog\/a-propos\/\"]}]},{\"@type\":\"ImageObject\",\"inLanguage\":\"fr-FR\",\"@id\":\"https:\/\/qobra.fr\/blog\/a-propos\/#primaryimage\",\"url\":\"https:\/\/qobra.fr\/blog\/wp-content\/uploads\/2018\/08\/logoamissite.png\",\"contentUrl\":\"https:\/\/qobra.fr\/blog\/wp-content\/uploads\/2018\/08\/logoamissite.png\",\"width\":101,\"height\":98},{\"@type\":\"BreadcrumbList\",\"@id\":\"https:\/\/qobra.fr\/blog\/a-propos\/#breadcrumb\",\"itemListElement\":[{\"@type\":\"ListItem\",\"position\":1,\"name\":\"Accueil\",\"item\":\"https:\/\/qobra.fr\/blog\/\"},{\"@type\":\"ListItem\",\"position\":2,\"name\":\"A propos\"}]},{\"@type\":\"WebSite\",\"@id\":\"https:\/\/qobra.fr\/blog\/#website\",\"url\":\"https:\/\/qobra.fr\/blog\/\",\"name\":\"Qobra, appareils photos anciens\",\"description\":\"une collection irrationnelle\",\"potentialAction\":[{\"@type\":\"SearchAction\",\"target\":{\"@type\":\"EntryPoint\",\"urlTemplate\":\"https:\/\/qobra.fr\/blog\/?s={search_term_string}\"},\"query-input\":{\"@type\":\"PropertyValueSpecification\",\"valueRequired\":true,\"valueName\":\"search_term_string\"}}],\"inLanguage\":\"fr-FR\"}]}<\/script>\n<!-- \/ Yoast SEO plugin. -->","yoast_head_json":{"title":"A propos - Qobra, appareils photos anciens","robots":{"index":"index","follow":"follow","max-snippet":"max-snippet:-1","max-image-preview":"max-image-preview:large","max-video-preview":"max-video-preview:-1"},"canonical":"https:\/\/qobra.fr\/blog\/a-propos\/","og_locale":"fr_FR","og_type":"article","og_title":"A propos - Qobra, appareils photos anciens","og_description":"Je collectionne des appareils photos anciens depuis plusieurs ann\u00e9es. Les raisons sont changeantes, parfois \u00e9tranges. Elles ont servi de bases pour \u00e9tablir les cat\u00e9gories pr\u00e9sent\u00e9es ici. Ce n&rsquo;est jamais pour les performances techniques de l&rsquo;appareil, mais bien plut\u00f4t pour sa &hellip; Continuer la lecture &rarr;","og_url":"https:\/\/qobra.fr\/blog\/a-propos\/","og_site_name":"Qobra, appareils photos anciens","article_modified_time":"2020-04-13T15:43:36+00:00","og_image":[{"url":"https:\/\/qobra.fr\/blog\/wp-content\/uploads\/2018\/08\/logoamissite.png","type":"","width":"","height":""}],"twitter_card":"summary_large_image","twitter_misc":{"Dur\u00e9e de lecture estim\u00e9e":"2 minutes"},"schema":{"@context":"https:\/\/schema.org","@graph":[{"@type":"WebPage","@id":"https:\/\/qobra.fr\/blog\/a-propos\/","url":"https:\/\/qobra.fr\/blog\/a-propos\/","name":"A propos - Qobra, appareils photos anciens","isPartOf":{"@id":"https:\/\/qobra.fr\/blog\/#website"},"primaryImageOfPage":{"@id":"https:\/\/qobra.fr\/blog\/a-propos\/#primaryimage"},"image":{"@id":"https:\/\/qobra.fr\/blog\/a-propos\/#primaryimage"},"thumbnailUrl":"https:\/\/qobra.fr\/blog\/wp-content\/uploads\/2018\/08\/logoamissite.png","datePublished":"2018-08-13T13:03:32+00:00","dateModified":"2020-04-13T15:43:36+00:00","breadcrumb":{"@id":"https:\/\/qobra.fr\/blog\/a-propos\/#breadcrumb"},"inLanguage":"fr-FR","potentialAction":[{"@type":"ReadAction","target":["https:\/\/qobra.fr\/blog\/a-propos\/"]}]},{"@type":"ImageObject","inLanguage":"fr-FR","@id":"https:\/\/qobra.fr\/blog\/a-propos\/#primaryimage","url":"https:\/\/qobra.fr\/blog\/wp-content\/uploads\/2018\/08\/logoamissite.png","contentUrl":"https:\/\/qobra.fr\/blog\/wp-content\/uploads\/2018\/08\/logoamissite.png","width":101,"height":98},{"@type":"BreadcrumbList","@id":"https:\/\/qobra.fr\/blog\/a-propos\/#breadcrumb","itemListElement":[{"@type":"ListItem","position":1,"name":"Accueil","item":"https:\/\/qobra.fr\/blog\/"},{"@type":"ListItem","position":2,"name":"A propos"}]},{"@type":"WebSite","@id":"https:\/\/qobra.fr\/blog\/#website","url":"https:\/\/qobra.fr\/blog\/","name":"Qobra, appareils photos anciens","description":"une collection irrationnelle","potentialAction":[{"@type":"SearchAction","target":{"@type":"EntryPoint","urlTemplate":"https:\/\/qobra.fr\/blog\/?s={search_term_string}"},"query-input":{"@type":"PropertyValueSpecification","valueRequired":true,"valueName":"search_term_string"}}],"inLanguage":"fr-FR"}]}},"_links":{"self":[{"href":"https:\/\/qobra.fr\/blog\/wp-json\/wp\/v2\/pages\/2","targetHints":{"allow":["GET"]}}],"collection":[{"href":"https:\/\/qobra.fr\/blog\/wp-json\/wp\/v2\/pages"}],"about":[{"href":"https:\/\/qobra.fr\/blog\/wp-json\/wp\/v2\/types\/page"}],"author":[{"embeddable":true,"href":"https:\/\/qobra.fr\/blog\/wp-json\/wp\/v2\/users\/1"}],"replies":[{"embeddable":true,"href":"https:\/\/qobra.fr\/blog\/wp-json\/wp\/v2\/comments?post=2"}],"version-history":[{"count":13,"href":"https:\/\/qobra.fr\/blog\/wp-json\/wp\/v2\/pages\/2\/revisions"}],"predecessor-version":[{"id":925,"href":"https:\/\/qobra.fr\/blog\/wp-json\/wp\/v2\/pages\/2\/revisions\/925"}],"wp:attachment":[{"href":"https:\/\/qobra.fr\/blog\/wp-json\/wp\/v2\/media?parent=2"}],"curies":[{"name":"wp","href":"https:\/\/api.w.org\/{rel}","templated":true}]}}