{"id":927,"date":"2020-04-13T18:17:43","date_gmt":"2020-04-13T16:17:43","guid":{"rendered":"https:\/\/qobra.fr\/blog\/?page_id=927"},"modified":"2020-04-13T18:29:34","modified_gmt":"2020-04-13T16:29:34","slug":"les-outils-utilises-pour-creer-ce-site","status":"publish","type":"page","link":"https:\/\/qobra.fr\/blog\/les-outils-utilises-pour-creer-ce-site\/","title":{"rendered":"Outils"},"content":{"rendered":"\t\t<div data-elementor-type=\"wp-page\" data-elementor-id=\"927\" class=\"elementor elementor-927\">\n\t\t\t\t\t\t\t\t\t<section class=\"elementor-section elementor-top-section elementor-element elementor-element-314b1a5 elementor-section-boxed elementor-section-height-default elementor-section-height-default\" data-id=\"314b1a5\" data-element_type=\"section\">\n\t\t\t\t\t\t<div class=\"elementor-container elementor-column-gap-default\">\n\t\t\t\t\t<div class=\"elementor-column elementor-col-100 elementor-top-column elementor-element elementor-element-fc52f45\" data-id=\"fc52f45\" data-element_type=\"column\">\n\t\t\t<div class=\"elementor-widget-wrap elementor-element-populated\">\n\t\t\t\t\t\t\t\t<div class=\"elementor-element elementor-element-e1d4c08 elementor-widget elementor-widget-heading\" data-id=\"e1d4c08\" data-element_type=\"widget\" data-widget_type=\"heading.default\">\n\t\t\t\t<div class=\"elementor-widget-container\">\n\t\t\t<h2 class=\"elementor-heading-title elementor-size-default\">Les outils utilis\u00e9s pour cr\u00e9er ce site<\/h2>\t\t<\/div>\n\t\t\t\t<\/div>\n\t\t\t\t<div class=\"elementor-element elementor-element-2ed5429 elementor-widget-divider--view-line elementor-widget elementor-widget-divider\" data-id=\"2ed5429\" data-element_type=\"widget\" data-widget_type=\"divider.default\">\n\t\t\t\t<div class=\"elementor-widget-container\">\n\t\t\t\t\t<div class=\"elementor-divider\">\n\t\t\t<span class=\"elementor-divider-separator\">\n\t\t\t\t\t\t<\/span>\n\t\t<\/div>\n\t\t\t\t<\/div>\n\t\t\t\t<\/div>\n\t\t\t\t<div class=\"elementor-element elementor-element-dd755e2 elementor-widget elementor-widget-heading\" data-id=\"dd755e2\" data-element_type=\"widget\" data-widget_type=\"heading.default\">\n\t\t\t\t<div class=\"elementor-widget-container\">\n\t\t\t<h2 class=\"elementor-heading-title elementor-size-default\">Logiciels<\/h2>\t\t<\/div>\n\t\t\t\t<\/div>\n\t\t\t\t\t<\/div>\n\t\t<\/div>\n\t\t\t\t\t\t\t<\/div>\n\t\t<\/section>\n\t\t\t\t<section class=\"elementor-section elementor-top-section elementor-element elementor-element-a777faf elementor-section-boxed elementor-section-height-default elementor-section-height-default\" data-id=\"a777faf\" data-element_type=\"section\">\n\t\t\t\t\t\t<div class=\"elementor-container elementor-column-gap-default\">\n\t\t\t\t\t<div class=\"elementor-column elementor-col-100 elementor-top-column elementor-element elementor-element-0256037\" data-id=\"0256037\" data-element_type=\"column\">\n\t\t\t<div class=\"elementor-widget-wrap elementor-element-populated\">\n\t\t\t\t\t\t\t\t<div class=\"elementor-element elementor-element-1ada417 elementor-widget elementor-widget-text-editor\" data-id=\"1ada417\" data-element_type=\"widget\" data-widget_type=\"text-editor.default\">\n\t\t\t\t<div class=\"elementor-widget-container\">\n\t\t\t\t\t\t\t<ul><li>L&rsquo;h\u00e9bergeur est online.fr<\/li><li>Le cms est WordPress avec plusieurs extensions dont Elementor qui simplifie bien les choses<\/li><li>Les traitements d&rsquo;image sont effectu\u00e9s avec Photofiltre Studio<\/li><li>La compression d&rsquo;images est faite par Riot<\/li><li>Le traitement des sons utilise Audacity<\/li><li>Les animations sont construites avec Hippani Animator (les anciennes avec Vectorian Giotto)<\/li><li>le navigateur pr\u00e9f\u00e9r\u00e9 est Vivaldi<\/li><\/ul>\t\t\t\t\t\t<\/div>\n\t\t\t\t<\/div>\n\t\t\t\t\t<\/div>\n\t\t<\/div>\n\t\t\t\t\t\t\t<\/div>\n\t\t<\/section>\n\t\t\t\t<section class=\"elementor-section elementor-top-section elementor-element elementor-element-1b711ea elementor-section-boxed elementor-section-height-default elementor-section-height-default\" data-id=\"1b711ea\" data-element_type=\"section\">\n\t\t\t\t\t\t<div class=\"elementor-container elementor-column-gap-default\">\n\t\t\t\t\t<div class=\"elementor-column elementor-col-100 elementor-top-column elementor-element elementor-element-e3aaccd\" data-id=\"e3aaccd\" data-element_type=\"column\">\n\t\t\t<div class=\"elementor-widget-wrap elementor-element-populated\">\n\t\t\t\t\t\t\t\t<div class=\"elementor-element elementor-element-d9050c4 elementor-widget elementor-widget-heading\" data-id=\"d9050c4\" data-element_type=\"widget\" data-widget_type=\"heading.default\">\n\t\t\t\t<div class=\"elementor-widget-container\">\n\t\t\t<h2 class=\"elementor-heading-title elementor-size-default\">Prise de vues<\/h2>\t\t<\/div>\n\t\t\t\t<\/div>\n\t\t\t\t\t<\/div>\n\t\t<\/div>\n\t\t\t\t\t\t\t<\/div>\n\t\t<\/section>\n\t\t\t\t<section class=\"elementor-section elementor-top-section elementor-element elementor-element-16a3c25 elementor-section-boxed elementor-section-height-default elementor-section-height-default\" data-id=\"16a3c25\" data-element_type=\"section\">\n\t\t\t\t\t\t<div class=\"elementor-container elementor-column-gap-default\">\n\t\t\t\t\t<div class=\"elementor-column elementor-col-100 elementor-top-column elementor-element elementor-element-47fa9f1\" data-id=\"47fa9f1\" data-element_type=\"column\">\n\t\t\t<div class=\"elementor-widget-wrap elementor-element-populated\">\n\t\t\t\t\t\t\t\t<div class=\"elementor-element elementor-element-5d12b21 elementor-widget elementor-widget-text-editor\" data-id=\"5d12b21\" data-element_type=\"widget\" data-widget_type=\"text-editor.default\">\n\t\t\t\t<div class=\"elementor-widget-container\">\n\t\t\t\t\t\t\t<ul><li>Les prises de vues sont faites avec l&rsquo;appareil num\u00e9rique de l&rsquo;\u00e9poque sous tente de prise de vues cubique pliante de 60 cm de c\u00f4t\u00e9<\/li><li>L&rsquo;\u00e9clairage est produit par deux (parfois trois) spots sur pied avec lampe halog\u00e8ne lumi\u00e8re du jour, temp\u00e9rature de couleur 5500\u00b0K (\u00e0 noter que les m\u00eames lampes neuves du m\u00eame fournisseur ne donnent en g\u00e9n\u00e9ral pas la m\u00eame lumi\u00e8re) !<\/li><\/ul>\t\t\t\t\t\t<\/div>\n\t\t\t\t<\/div>\n\t\t\t\t\t<\/div>\n\t\t<\/div>\n\t\t\t\t\t\t\t<\/div>\n\t\t<\/section>\n\t\t\t\t<section class=\"elementor-section elementor-top-section elementor-element elementor-element-f9faddc elementor-section-boxed elementor-section-height-default elementor-section-height-default\" data-id=\"f9faddc\" data-element_type=\"section\">\n\t\t\t\t\t\t<div class=\"elementor-container elementor-column-gap-default\">\n\t\t\t\t\t<div class=\"elementor-column elementor-col-100 elementor-top-column elementor-element elementor-element-08b4f95\" data-id=\"08b4f95\" data-element_type=\"column\">\n\t\t\t<div class=\"elementor-widget-wrap elementor-element-populated\">\n\t\t\t\t\t\t\t\t<div class=\"elementor-element elementor-element-ba7af49 elementor-widget elementor-widget-heading\" data-id=\"ba7af49\" data-element_type=\"widget\" data-widget_type=\"heading.default\">\n\t\t\t\t<div class=\"elementor-widget-container\">\n\t\t\t<h2 class=\"elementor-heading-title elementor-size-default\">Informations<\/h2>\t\t<\/div>\n\t\t\t\t<\/div>\n\t\t\t\t\t<\/div>\n\t\t<\/div>\n\t\t\t\t\t\t\t<\/div>\n\t\t<\/section>\n\t\t\t\t<section class=\"elementor-section elementor-top-section elementor-element elementor-element-6450c7a elementor-section-boxed elementor-section-height-default elementor-section-height-default\" data-id=\"6450c7a\" data-element_type=\"section\">\n\t\t\t\t\t\t<div class=\"elementor-container elementor-column-gap-default\">\n\t\t\t\t\t<div class=\"elementor-column elementor-col-100 elementor-top-column elementor-element elementor-element-9152b29\" data-id=\"9152b29\" data-element_type=\"column\">\n\t\t\t<div class=\"elementor-widget-wrap elementor-element-populated\">\n\t\t\t\t\t\t\t\t<div class=\"elementor-element elementor-element-05b201e elementor-widget elementor-widget-text-editor\" data-id=\"05b201e\" data-element_type=\"widget\" data-widget_type=\"text-editor.default\">\n\t\t\t\t<div class=\"elementor-widget-container\">\n\t\t\t\t\t\t\t<ul><li>la principale source est le site collection-appareils.fr<\/li><li>le guide McKeown&rsquo;s est une bible<\/li><li>les revues du Club Niepce Lumi\u00e8re et des Iconom\u00e9canophiles du Limousin sont bien utiles ainsi que quelques autres livres<\/li><\/ul>\t\t\t\t\t\t<\/div>\n\t\t\t\t<\/div>\n\t\t\t\t\t<\/div>\n\t\t<\/div>\n\t\t\t\t\t\t\t<\/div>\n\t\t<\/section>\n\t\t\t\t\t\t\t<\/div>\n\t\t","protected":false},"excerpt":{"rendered":"<p>Les outils utilis\u00e9s pour cr\u00e9er ce site Logiciels L&rsquo;h\u00e9bergeur est online.fr Le cms est WordPress avec plusieurs extensions dont Elementor qui simplifie bien les choses Les traitements d&rsquo;image sont effectu\u00e9s avec Photofiltre Studio La compression d&rsquo;images est faite par Riot &hellip; <a href=\"https:\/\/qobra.fr\/blog\/les-outils-utilises-pour-creer-ce-site\/\">Continuer la lecture <span class=\"meta-nav\">&rarr;<\/span><\/a><\/p>\n","protected":false},"author":1,"featured_media":0,"parent":0,"menu_order":0,"comment_status":"closed","ping_status":"closed","template":"","meta":{"footnotes":""},"class_list":["post-927","page","type-page","status-publish","hentry"],"yoast_head":"<!-- This site is optimized with the Yoast SEO plugin v26.4 - https:\/\/yoast.com\/wordpress\/plugins\/seo\/ -->\n<title>Outils - Qobra, appareils photos anciens<\/title>\n<meta name=\"robots\" content=\"index, follow, max-snippet:-1, max-image-preview:large, max-video-preview:-1\" \/>\n<link rel=\"canonical\" href=\"https:\/\/qobra.fr\/blog\/les-outils-utilises-pour-creer-ce-site\/\" \/>\n<meta property=\"og:locale\" content=\"fr_FR\" \/>\n<meta property=\"og:type\" content=\"article\" \/>\n<meta property=\"og:title\" content=\"Outils - Qobra, appareils photos anciens\" \/>\n<meta property=\"og:description\" content=\"Les outils utilis\u00e9s pour cr\u00e9er ce site Logiciels L&rsquo;h\u00e9bergeur est online.fr Le cms est WordPress avec plusieurs extensions dont Elementor qui simplifie bien les choses Les traitements d&rsquo;image sont effectu\u00e9s avec Photofiltre Studio La compression d&rsquo;images est faite par Riot &hellip; Continuer la lecture &rarr;\" \/>\n<meta property=\"og:url\" content=\"https:\/\/qobra.fr\/blog\/les-outils-utilises-pour-creer-ce-site\/\" \/>\n<meta property=\"og:site_name\" content=\"Qobra, appareils photos anciens\" \/>\n<meta property=\"article:modified_time\" content=\"2020-04-13T16:29:34+00:00\" \/>\n<meta name=\"twitter:card\" content=\"summary_large_image\" \/>\n<meta name=\"twitter:label1\" content=\"Dur\u00e9e de lecture estim\u00e9e\" \/>\n\t<meta name=\"twitter:data1\" content=\"1 minute\" \/>\n<script type=\"application\/ld+json\" class=\"yoast-schema-graph\">{\"@context\":\"https:\/\/schema.org\",\"@graph\":[{\"@type\":\"WebPage\",\"@id\":\"https:\/\/qobra.fr\/blog\/les-outils-utilises-pour-creer-ce-site\/\",\"url\":\"https:\/\/qobra.fr\/blog\/les-outils-utilises-pour-creer-ce-site\/\",\"name\":\"Outils - Qobra, appareils photos anciens\",\"isPartOf\":{\"@id\":\"https:\/\/qobra.fr\/blog\/#website\"},\"datePublished\":\"2020-04-13T16:17:43+00:00\",\"dateModified\":\"2020-04-13T16:29:34+00:00\",\"breadcrumb\":{\"@id\":\"https:\/\/qobra.fr\/blog\/les-outils-utilises-pour-creer-ce-site\/#breadcrumb\"},\"inLanguage\":\"fr-FR\",\"potentialAction\":[{\"@type\":\"ReadAction\",\"target\":[\"https:\/\/qobra.fr\/blog\/les-outils-utilises-pour-creer-ce-site\/\"]}]},{\"@type\":\"BreadcrumbList\",\"@id\":\"https:\/\/qobra.fr\/blog\/les-outils-utilises-pour-creer-ce-site\/#breadcrumb\",\"itemListElement\":[{\"@type\":\"ListItem\",\"position\":1,\"name\":\"Accueil\",\"item\":\"https:\/\/qobra.fr\/blog\/\"},{\"@type\":\"ListItem\",\"position\":2,\"name\":\"Outils\"}]},{\"@type\":\"WebSite\",\"@id\":\"https:\/\/qobra.fr\/blog\/#website\",\"url\":\"https:\/\/qobra.fr\/blog\/\",\"name\":\"Qobra, appareils photos anciens\",\"description\":\"une collection irrationnelle\",\"potentialAction\":[{\"@type\":\"SearchAction\",\"target\":{\"@type\":\"EntryPoint\",\"urlTemplate\":\"https:\/\/qobra.fr\/blog\/?s={search_term_string}\"},\"query-input\":{\"@type\":\"PropertyValueSpecification\",\"valueRequired\":true,\"valueName\":\"search_term_string\"}}],\"inLanguage\":\"fr-FR\"}]}<\/script>\n<!-- \/ Yoast SEO plugin. -->","yoast_head_json":{"title":"Outils - Qobra, appareils photos anciens","robots":{"index":"index","follow":"follow","max-snippet":"max-snippet:-1","max-image-preview":"max-image-preview:large","max-video-preview":"max-video-preview:-1"},"canonical":"https:\/\/qobra.fr\/blog\/les-outils-utilises-pour-creer-ce-site\/","og_locale":"fr_FR","og_type":"article","og_title":"Outils - Qobra, appareils photos anciens","og_description":"Les outils utilis\u00e9s pour cr\u00e9er ce site Logiciels L&rsquo;h\u00e9bergeur est online.fr Le cms est WordPress avec plusieurs extensions dont Elementor qui simplifie bien les choses Les traitements d&rsquo;image sont effectu\u00e9s avec Photofiltre Studio La compression d&rsquo;images est faite par Riot &hellip; Continuer la lecture &rarr;","og_url":"https:\/\/qobra.fr\/blog\/les-outils-utilises-pour-creer-ce-site\/","og_site_name":"Qobra, appareils photos anciens","article_modified_time":"2020-04-13T16:29:34+00:00","twitter_card":"summary_large_image","twitter_misc":{"Dur\u00e9e de lecture estim\u00e9e":"1 minute"},"schema":{"@context":"https:\/\/schema.org","@graph":[{"@type":"WebPage","@id":"https:\/\/qobra.fr\/blog\/les-outils-utilises-pour-creer-ce-site\/","url":"https:\/\/qobra.fr\/blog\/les-outils-utilises-pour-creer-ce-site\/","name":"Outils - Qobra, appareils photos anciens","isPartOf":{"@id":"https:\/\/qobra.fr\/blog\/#website"},"datePublished":"2020-04-13T16:17:43+00:00","dateModified":"2020-04-13T16:29:34+00:00","breadcrumb":{"@id":"https:\/\/qobra.fr\/blog\/les-outils-utilises-pour-creer-ce-site\/#breadcrumb"},"inLanguage":"fr-FR","potentialAction":[{"@type":"ReadAction","target":["https:\/\/qobra.fr\/blog\/les-outils-utilises-pour-creer-ce-site\/"]}]},{"@type":"BreadcrumbList","@id":"https:\/\/qobra.fr\/blog\/les-outils-utilises-pour-creer-ce-site\/#breadcrumb","itemListElement":[{"@type":"ListItem","position":1,"name":"Accueil","item":"https:\/\/qobra.fr\/blog\/"},{"@type":"ListItem","position":2,"name":"Outils"}]},{"@type":"WebSite","@id":"https:\/\/qobra.fr\/blog\/#website","url":"https:\/\/qobra.fr\/blog\/","name":"Qobra, appareils photos anciens","description":"une collection irrationnelle","potentialAction":[{"@type":"SearchAction","target":{"@type":"EntryPoint","urlTemplate":"https:\/\/qobra.fr\/blog\/?s={search_term_string}"},"query-input":{"@type":"PropertyValueSpecification","valueRequired":true,"valueName":"search_term_string"}}],"inLanguage":"fr-FR"}]}},"_links":{"self":[{"href":"https:\/\/qobra.fr\/blog\/wp-json\/wp\/v2\/pages\/927","targetHints":{"allow":["GET"]}}],"collection":[{"href":"https:\/\/qobra.fr\/blog\/wp-json\/wp\/v2\/pages"}],"about":[{"href":"https:\/\/qobra.fr\/blog\/wp-json\/wp\/v2\/types\/page"}],"author":[{"embeddable":true,"href":"https:\/\/qobra.fr\/blog\/wp-json\/wp\/v2\/users\/1"}],"replies":[{"embeddable":true,"href":"https:\/\/qobra.fr\/blog\/wp-json\/wp\/v2\/comments?post=927"}],"version-history":[{"count":7,"href":"https:\/\/qobra.fr\/blog\/wp-json\/wp\/v2\/pages\/927\/revisions"}],"predecessor-version":[{"id":935,"href":"https:\/\/qobra.fr\/blog\/wp-json\/wp\/v2\/pages\/927\/revisions\/935"}],"wp:attachment":[{"href":"https:\/\/qobra.fr\/blog\/wp-json\/wp\/v2\/media?parent=927"}],"curies":[{"name":"wp","href":"https:\/\/api.w.org\/{rel}","templated":true}]}}